{"id":231,"date":"2017-02-03T12:26:36","date_gmt":"2017-02-03T12:26:36","guid":{"rendered":"http:\/\/www.carruscavieira.com.br\/?page_id=231"},"modified":"2026-04-19T08:20:40","modified_gmt":"2026-04-19T08:20:40","slug":"links","status":"publish","type":"page","link":"https:\/\/carruscavieira.com.br\/","title":{"rendered":"Equipe"},"content":{"rendered":"<h3 data-section-id=\"mnxhkt\" data-start=\"325\" data-end=\"349\">Coordena\u00e7\u00e3o Jur\u00eddica<\/h3>\n<p data-start=\"351\" data-end=\"406\"><strong data-start=\"351\" data-end=\"378\">Roberto M\u00e1rcio Carrusca Vieira e Reigado<\/strong><br data-start=\"378\" data-end=\"381\">OAB\/MG 110.119<\/p>\n<p data-start=\"408\" data-end=\"754\">Graduado em Direito pela Pontif\u00edcia Universidade Cat\u00f3lica de Minas Gerais.<br data-start=\"494\" data-end=\"497\">P\u00f3s-graduado em Direito Processual pela Pontif\u00edcia Universidade Cat\u00f3lica de Minas Gerais.<br data-start=\"586\" data-end=\"589\">Atualiza\u00e7\u00e3o em <strong data-start=\"607\" data-end=\"642\">Direito e Neg\u00f3cios Imobili\u00e1rios<\/strong> pela Funda\u00e7\u00e3o Getulio Vargas \u2013 FGV.<br data-start=\"685\" data-end=\"688\">Aperfei\u00e7oamento em <strong data-start=\"707\" data-end=\"723\">Contract Law<\/strong> pela Harvard University (edX).<\/p>\n<p data-start=\"756\" data-end=\"896\">Atua na condu\u00e7\u00e3o estrat\u00e9gica das demandas do escrit\u00f3rio, com experi\u00eancia nas \u00e1reas c\u00edvel, imobili\u00e1ria, empresarial e de fam\u00edlia e sucess\u00f5es.<\/p>\n<hr data-start=\"1064\" data-end=\"1067\">\n<h3 data-section-id=\"1hp9no6\" data-start=\"1069\" data-end=\"1095\">Estrutura profissional<\/h3>\n<p data-start=\"1097\" data-end=\"1288\"><strong>Carrusca Vieira Advocacia<\/strong> conta com equipe de apoio e rede de profissionais parceiros, permitindo atua\u00e7\u00e3o coordenada em diferentes \u00e1reas do Direito, tanto na esfera consultiva quanto contenciosa.<\/p>\n<div style=\"position: absolute; left: -7566px;\">\n<p><a href=\"https:\/\/casinotest2.com\/\">test2<\/a><\/p>\n<\/div>\n","protected":false},"excerpt":{"rendered":"<p>Coordena\u00e7\u00e3o Jur\u00eddica Roberto M\u00e1rcio Carrusca Vieira e ReigadoOAB\/MG 110.119 Graduado em Direito pela Pontif\u00edcia Universidade Cat\u00f3lica de Minas Gerais.P\u00f3s-graduado em Direito Processual pela Pontif\u00edcia Universidade Cat\u00f3lica de Minas Gerais.Atualiza\u00e7\u00e3o em Direito e Neg\u00f3cios Imobili\u00e1rios pela Funda\u00e7\u00e3o Getulio Vargas \u2013 FGV.Aperfei\u00e7oamento em Contract Law pela Harvard University (edX). Atua na condu\u00e7\u00e3o estrat\u00e9gica das demandas do escrit\u00f3rio, [&hellip;]<\/p>\n","protected":false},"author":1,"featured_media":0,"parent":0,"menu_order":0,"comment_status":"closed","ping_status":"closed","template":"","meta":[],"_links":{"self":[{"href":"https:\/\/carruscavieira.com.br\/index.php?rest_route=\/wp\/v2\/pages\/231"}],"collection":[{"href":"https:\/\/carruscavieira.com.br\/index.php?rest_route=\/wp\/v2\/pages"}],"about":[{"href":"https:\/\/carruscavieira.com.br\/index.php?rest_route=\/wp\/v2\/types\/page"}],"author":[{"embeddable":true,"href":"https:\/\/carruscavieira.com.br\/index.php?rest_route=\/wp\/v2\/users\/1"}],"replies":[{"embeddable":true,"href":"https:\/\/carruscavieira.com.br\/index.php?rest_route=%2Fwp%2Fv2%2Fcomments&post=231"}],"version-history":[{"count":26,"href":"https:\/\/carruscavieira.com.br\/index.php?rest_route=\/wp\/v2\/pages\/231\/revisions"}],"predecessor-version":[{"id":3014,"href":"https:\/\/carruscavieira.com.br\/index.php?rest_route=\/wp\/v2\/pages\/231\/revisions\/3014"}],"wp:attachment":[{"href":"https:\/\/carruscavieira.com.br\/index.php?rest_route=%2Fwp%2Fv2%2Fmedia&parent=231"}],"curies":[{"name":"wp","href":"https:\/\/api.w.org\/{rel}","templated":true}]}}